{"id":3063,"date":"2025-08-22T06:56:23","date_gmt":"2025-08-22T06:56:23","guid":{"rendered":"https:\/\/bsp2.pl\/pl\/?page_id=3063"},"modified":"2025-08-26T18:55:54","modified_gmt":"2025-08-26T18:55:54","slug":"aktualnosci","status":"publish","type":"page","link":"https:\/\/bsp2.pl\/pl\/index.php\/aktualnosci\/","title":{"rendered":"Aktualno\u015bci"},"content":{"rendered":"\t\t<div data-elementor-type=\"wp-page\" data-elementor-id=\"3063\" class=\"elementor elementor-3063\">\n\t\t\t\t\t\t\t\t\t<section class=\"elementor-section elementor-top-section elementor-element elementor-element-9a47e31 elementor-section-boxed elementor-section-height-default elementor-section-height-default\" data-id=\"9a47e31\" data-element_type=\"section\">\n\t\t\t\t\t\t<div class=\"elementor-container elementor-column-gap-default\">\n\t\t\t\t\t<div class=\"elementor-column elementor-col-100 elementor-top-column elementor-element elementor-element-b6439b4\" data-id=\"b6439b4\" data-element_type=\"column\">\n\t\t\t<div class=\"elementor-widget-wrap elementor-element-populated\">\n\t\t\t\t\t\t\t\t<div class=\"elementor-element elementor-element-b5c0c53 elementor-position-top elementor-vertical-align-top elementor-widget elementor-widget-image-box\" data-id=\"b5c0c53\" data-element_type=\"widget\" data-widget_type=\"image-box.default\">\n\t\t\t\t<div class=\"elementor-widget-container\">\n\t\t\t<style>\/*! elementor - v3.6.6 - 08-06-2022 *\/\n.elementor-widget-image-box .elementor-image-box-content{width:100%}@media (min-width:768px){.elementor-widget-image-box.elementor-position-left .elementor-image-box-wrapper,.elementor-widget-image-box.elementor-position-right .elementor-image-box-wrapper{display:-webkit-box;display:-ms-flexbox;display:flex}.elementor-widget-image-box.elementor-position-right .elementor-image-box-wrapper{text-align:right;-webkit-box-orient:horizontal;-webkit-box-direction:reverse;-ms-flex-direction:row-reverse;flex-direction:row-reverse}.elementor-widget-image-box.elementor-position-left .elementor-image-box-wrapper{text-align:left;-webkit-box-orient:horizontal;-webkit-box-direction:normal;-ms-flex-direction:row;flex-direction:row}.elementor-widget-image-box.elementor-position-top .elementor-image-box-img{margin:auto}.elementor-widget-image-box.elementor-vertical-align-top .elementor-image-box-wrapper{-webkit-box-align:start;-ms-flex-align:start;align-items:flex-start}.elementor-widget-image-box.elementor-vertical-align-middle .elementor-image-box-wrapper{-webkit-box-align:center;-ms-flex-align:center;align-items:center}.elementor-widget-image-box.elementor-vertical-align-bottom .elementor-image-box-wrapper{-webkit-box-align:end;-ms-flex-align:end;align-items:flex-end}}@media (max-width:767px){.elementor-widget-image-box .elementor-image-box-img{margin-left:auto!important;margin-right:auto!important;margin-bottom:15px}}.elementor-widget-image-box .elementor-image-box-img{display:inline-block}.elementor-widget-image-box .elementor-image-box-title a{color:inherit}.elementor-widget-image-box .elementor-image-box-wrapper{text-align:center}.elementor-widget-image-box .elementor-image-box-description{margin:0}<\/style><div class=\"elementor-image-box-wrapper\"><div class=\"elementor-image-box-content\"><h3 class=\"elementor-image-box-title\">Kwaterowanie do Bursy na rok szkolny 2025\/2026<\/h3><\/div><\/div>\t\t<\/div>\n\t\t\t\t<\/div>\n\t\t\t\t\t<\/div>\n\t\t<\/div>\n\t\t\t\t\t\t\t<\/div>\n\t\t<\/section>\n\t\t\t\t<section class=\"elementor-section elementor-top-section elementor-element elementor-element-ecd07a4 elementor-section-boxed elementor-section-height-default elementor-section-height-default\" data-id=\"ecd07a4\" data-element_type=\"section\">\n\t\t\t\t\t\t<div class=\"elementor-container elementor-column-gap-default\">\n\t\t\t\t\t<div class=\"elementor-column elementor-col-100 elementor-top-column elementor-element elementor-element-2f1bdb5\" data-id=\"2f1bdb5\" data-element_type=\"column\">\n\t\t\t<div class=\"elementor-widget-wrap elementor-element-populated\">\n\t\t\t\t\t\t\t\t<div class=\"elementor-element elementor-element-6a4c70c elementor-widget elementor-widget-text-editor\" data-id=\"6a4c70c\" data-element_type=\"widget\" data-widget_type=\"text-editor.default\">\n\t\t\t\t<div class=\"elementor-widget-container\">\n\t\t\t<style>\/*! elementor - v3.6.6 - 08-06-2022 *\/\n.elementor-widget-text-editor.elementor-drop-cap-view-stacked .elementor-drop-cap{background-color:#818a91;color:#fff}.elementor-widget-text-editor.elementor-drop-cap-view-framed .elementor-drop-cap{color:#818a91;border:3px solid;background-color:transparent}.elementor-widget-text-editor:not(.elementor-drop-cap-view-default) .elementor-drop-cap{margin-top:8px}.elementor-widget-text-editor:not(.elementor-drop-cap-view-default) .elementor-drop-cap-letter{width:1em;height:1em}.elementor-widget-text-editor .elementor-drop-cap{float:left;text-align:center;line-height:1;font-size:50px}.elementor-widget-text-editor .elementor-drop-cap-letter{display:inline-block}<\/style>\t\t\t\t<p>Kwaterowanie do bursy na rok szkolny 2025\/2026 rozpocznie si\u0119 31 sierpnia 2025 r. od godziny 14.00.<\/p><p><span style=\"color: #ff0000;\">Uczniowie ma\u0142oletni mog\u0105 zakwaterowa\u0107 si\u0119 wy\u0142\u0105cznie w obecno\u015bci Rodzica\/Opiekuna prawnego. Uczniowie pe\u0142noletni mog\u0105 kwaterowa\u0107 si\u0119 samodzielnie.<\/span><\/p><p>Prosimy o wcze\u015bniejsze wydrukowanie i wype\u0142nienie pobranych ze strony: <a href=\"https:\/\/bsp2.pl\/pl\/\"><span style=\"color: #333399;\">www.bsp2.p<\/span>l<\/a> dokument\u00f3w (za ma\u0142oletniego wype\u0142niaj\u0105 i podpisuj\u0105 dokumenty rodzice\/opiekunowie):<\/p><p>\u2022<span style=\"color: #99cc00;\"> KWESTIONARIUSZ WYCHOWANKA (1 egzemplarz)<\/span><\/p><p>\u2022 <span style=\"color: #99cc00;\">ZG\u0141OSZENIE POBYTU CZASOWEGO (1 egzemplarz<\/span> \u2013 prosz\u0119 wype\u0142ni\u0107 tylko pierwsz\u0105 stron\u0119 i podpisa\u0107 na trzeciej stronie w rubryce \u201ew\u0142asnor\u0119czny czytelny podpis osoby zg\u0142aszaj\u0105cej\u201d. Uczni\u00f3w \u2013 obywateli polskich melduje bursa na podstawie pozostawionego wniosku do 30 dni po zakwaterowaniu. Obywatele innych kraj\u00f3w dokonuj\u0105 zameldowania sami w Urz\u0119dzie Miasta Krakowa na podstawie wniosku podbitego przez sekretariat bursy do 4 dni od momentu zakwaterowania. Po zameldowaniu obcokrajowcy dostarczaj\u0105 druk po\u015bwiadczenia o zameldowaniu w sekretariacie.<\/p><p>\u2022 <span style=\"color: #99cc00;\">UMOWA O ZAKWATEROWANIE (2 egzemplarze)<\/span><\/p><p>Przed podpisaniem dokument\u00f3w prosimy o zapoznanie si\u0119 z dokumentami umieszczonymi na stronie bursy:<span style=\"color: #333399;\"> <a style=\"color: #333399;\" href=\"https:\/\/bsp2.pl\/pl\/index.php\/o-nas\/dokumenty\/\">https:\/\/bsp2.pl\/pl\/index.php\/o-nas\/dokumenty\/<\/a><\/span><\/p><p>Podczas wype\u0142niania dokument\u00f3w prosimy o czytelne pismo i wype\u0142nienie wszystkich p\u00f3l oraz podpisywanie pe\u0142nym imieniem i nazwiskiem.<\/p><p>Przywiezienie kompletu wype\u0142nionych dokument\u00f3w znacznie przyspieszy przyj\u0119cie w dniu kwaterowania.<\/p><p>Prosimy, by, w miar\u0119 mo\u017cliwo\u015bci, uczniowie nowi przyjechali w godzinach 14.00-18.00 a kontynuuj\u0105cy pobyt w godzinach 17.00-20.00 .<\/p><p>Ze wzgl\u0119du na zakaz wjazdu na parking mog\u0105 pa\u0144stwo wjecha\u0107 na teren ZSZ2 od strony ul. Bulwarowej, zaparkowa\u0107 na boisku szkolnym i przej\u015b\u0107 pieszo na teren bursy.<\/p><p>Na stronie internetowej zamieszczony jest \u201eniezb\u0119dnik mieszka\u0144ca\u201d \u2013 prosimy o zapoznanie si\u0119 z nim i innymi informacjami ze strony.<\/p><p>Uczni\u00f3w nowych prosimy o przygotowanie 10 z\u0142 kaucji (zwrotnej w przypadku oddania chipa) za chip do wej\u015b\u0107 do budynk\u00f3w.<\/p><p>Bardzo prosimy, by zapami\u0119tali Pa\u0144stwo, \u017ce na ka\u017cde wyj\u015bcie dziecka poza teren budynku musi wyrazi\u0107 zgod\u0119 wychowawca (wpisuje t\u0119 informacj\u0119 do zeszytu zwolnie\u0144), po powrocie ucze\u0144 powinien ten fakt zg\u0142osi\u0107 wychowawcy. W przypadku zwolnienia dziecka na noc niezb\u0119dna jest obecno\u015b\u0107 rodzica lub pisemne (mo\u017ce by\u0107 w formie elektronicznej) zg\u0142oszenie z telefonu lub adresu e-mail zg\u0142oszonego w dokumentacji.\u00a0<\/p>\t\t\t\t\t\t<\/div>\n\t\t\t\t<\/div>\n\t\t\t\t\t<\/div>\n\t\t<\/div>\n\t\t\t\t\t\t\t<\/div>\n\t\t<\/section>\n\t\t\t\t\t\t\t<\/div>\n\t\t","protected":false},"excerpt":{"rendered":"<p>Kwaterowanie do Bursy na rok szkolny 2025\/2026 Kwaterowanie do bursy na rok szkolny 2025\/2026 rozpocznie si\u0119 31 sierpnia 2025 r. od godziny 14.00. Uczniowie ma\u0142oletni mog\u0105 zakwaterowa\u0107 si\u0119 wy\u0142\u0105cznie w obecno\u015bci Rodzica\/Opiekuna prawnego. Uczniowie pe\u0142noletni mog\u0105 kwaterowa\u0107 si\u0119 samodzielnie. Prosimy o wcze\u015bniejsze wydrukowanie i wype\u0142nienie pobranych ze strony: www.bsp2.pl dokument\u00f3w [&hellip;]<\/p>\n","protected":false},"author":1,"featured_media":0,"parent":0,"menu_order":0,"comment_status":"closed","ping_status":"closed","template":"","meta":{"ngg_post_thumbnail":0,"footnotes":""},"_links":{"self":[{"href":"https:\/\/bsp2.pl\/pl\/index.php\/wp-json\/wp\/v2\/pages\/3063"}],"collection":[{"href":"https:\/\/bsp2.pl\/pl\/index.php\/wp-json\/wp\/v2\/pages"}],"about":[{"href":"https:\/\/bsp2.pl\/pl\/index.php\/wp-json\/wp\/v2\/types\/page"}],"author":[{"embeddable":true,"href":"https:\/\/bsp2.pl\/pl\/index.php\/wp-json\/wp\/v2\/users\/1"}],"replies":[{"embeddable":true,"href":"https:\/\/bsp2.pl\/pl\/index.php\/wp-json\/wp\/v2\/comments?post=3063"}],"version-history":[{"count":17,"href":"https:\/\/bsp2.pl\/pl\/index.php\/wp-json\/wp\/v2\/pages\/3063\/revisions"}],"predecessor-version":[{"id":4014,"href":"https:\/\/bsp2.pl\/pl\/index.php\/wp-json\/wp\/v2\/pages\/3063\/revisions\/4014"}],"wp:attachment":[{"href":"https:\/\/bsp2.pl\/pl\/index.php\/wp-json\/wp\/v2\/media?parent=3063"}],"curies":[{"name":"wp","href":"https:\/\/api.w.org\/{rel}","templated":true}]}}