{"id":3067,"date":"2022-06-20T06:56:46","date_gmt":"2022-06-20T06:56:46","guid":{"rendered":"https:\/\/bsp2.pl\/pl\/?page_id=3067"},"modified":"2022-07-14T13:44:02","modified_gmt":"2022-07-14T13:44:02","slug":"historia","status":"publish","type":"page","link":"https:\/\/bsp2.pl\/pl\/index.php\/o-nas\/historia\/","title":{"rendered":"Historia"},"content":{"rendered":"<p>Bursa Szkolnictwa Ponadpodstawowego nr 2 powsta\u0142a w 1992 roku, przy ulicy Grochowej 23 w Krakowie.<\/p>\n<p>Pocz\u0105tki by\u0142y bardzo trudne, gdy\u017c na siedzib\u0119 plac\u00f3wki przeznaczono mocno sfatygowany budynek po OHP \u2013 z du\u017cymi nieprzytulnymi salami, kt\u00f3re nale\u017ca\u0142o przystosowa\u0107 z przeznaczeniem dla m\u0142odzie\u017cy szkolnej. Wyremontowano wi\u0119c i przebudowano wn\u0119trze, tworz\u0105c mniejsze pokoje, cho\u0107 ostateczny wynik by\u0142 wsp\u00f3lnym sukcesem pracownik\u00f3w i pierwszych mieszka\u0144c\u00f3w bursy.<\/p>\n<p>Przez ca\u0142e lata nasza plac\u00f3wka stwarza\u0142a optymalne warunki dla pobytu wychowank\u00f3w, ich nauki i odpoczynku. Zorganizowano wiele form zaj\u0119\u0107: sportowych, relaksacyjnych, plastycznych, muzycznych, tanecznych, spotka\u0144 Klubu Mi\u0142o\u015bnik\u00f3w Ksi\u0105\u017cki, Klubu Globtrotera i wiele innych. Zmieniaj\u0105ca si\u0119 oferta zawsze by\u0142a dostosowywana do oczekiwa\u0144 i zainteresowa\u0144 mieszka\u0144c\u00f3w bursy.<\/p>\n<p>Na szczeg\u00f3ln\u0105 uwag\u0119 zas\u0142uguje wsp\u00f3\u0142praca naszej plac\u00f3wki z teatrami krakowskimi np.: Teatrem Stu, Teatrem Starym, Teatrem S\u0142owackiego; a tak\u017ce z innymi plac\u00f3wkami opieku\u0144czo \u2013 wychowawczymi. Organizowali\u015bmy i brali\u015bmy udzia\u0142 w przer\u00f3\u017cnych konkursach, koncertach, przegl\u0105dach, b\u0119d\u0105cych okazj\u0105 do prezentacji talent\u00f3w i umiej\u0119tno\u015bci wychowank\u00f3w. Do wa\u017cnych wydarze\u0144 w historii naszej plac\u00f3wki nale\u017ca\u0142a r\u00f3wnie\u017c organizacja dw\u00f3ch wypraw na Ukrain\u0119, kt\u00f3rych celem by\u0142o odnowienie grob\u00f3w \u017co\u0142nierzy polskich walcz\u0105cych w Legionach Pi\u0142sudskiego, a tak\u017ce przywiezienie Ognia Niepodleg\u0142o\u015bci na krakowskie obchody uroczysto\u015bci 11 Listopada.<\/p>\n<p>Wojew\u00f3dzki Konkurs Kol\u0119d i Pastora\u0142ek, organizowany cyklicznie w naszej bursie cieszy si\u0119 du\u017c\u0105 popularno\u015bci\u0105 w\u015br\u00f3d m\u0142odzie\u017cy burs i internat\u00f3w wojew\u00f3dztwa ma\u0142opolskiego. Liczne uczestnictwo utalentowanej muzycznie m\u0142odzie\u017cy przyczynia si\u0119 do rozkwitu indywidualnych uzdolnie\u0144, a tak\u017ce lepszej integracji mi\u0119dzy plac\u00f3wkami \u2013 wychowank\u00f3w i wychowawc\u00f3w.<\/p>\n<p>Wszystkie istotne wydarzenia, kt\u00f3re mia\u0142y miejsce w naszej plac\u00f3wce, wiernie dokumentuj\u0105 kroniki pe\u0142ne wspomnie\u0144 i pami\u0105tkowych zdj\u0119\u0107.<\/p>\n<p>Od 1 wrze\u015bnia 2020 r., Bursa Szkolnictwa Ponadpodstawowego nr 2 ma now\u0105 lokalizacj\u0119 \u2013 na Osiedlu Szkolnym 17 i 19, w dzielnicy Nowa Huta. Plac\u00f3wka przej\u0119\u0142a budynki trzech internat\u00f3w: Zespo\u0142u Szk\u00f3\u0142 Gastronomicznych nr 1, Zespo\u0142u Szk\u00f3\u0142 Elektrycznych nr 2 i Zespo\u0142u Szk\u00f3\u0142 Zawodowych nr 2.<\/p>\n","protected":false},"excerpt":{"rendered":"<p>Bursa Szkolnictwa Ponadpodstawowego nr 2 powsta\u0142a w 1992 roku, przy ulicy Grochowej 23 w Krakowie. Pocz\u0105tki by\u0142y bardzo trudne, gdy\u017c na siedzib\u0119 plac\u00f3wki przeznaczono mocno sfatygowany budynek po OHP \u2013 z du\u017cymi nieprzytulnymi salami, kt\u00f3re nale\u017ca\u0142o przystosowa\u0107 z przeznaczeniem dla m\u0142odzie\u017cy szkolnej. Wyremontowano wi\u0119c i przebudowano wn\u0119trze, tworz\u0105c mniejsze pokoje, [&hellip;]<\/p>\n","protected":false},"author":1,"featured_media":0,"parent":3065,"menu_order":0,"comment_status":"closed","ping_status":"closed","template":"","meta":{"ngg_post_thumbnail":0,"footnotes":""},"_links":{"self":[{"href":"https:\/\/bsp2.pl\/pl\/index.php\/wp-json\/wp\/v2\/pages\/3067"}],"collection":[{"href":"https:\/\/bsp2.pl\/pl\/index.php\/wp-json\/wp\/v2\/pages"}],"about":[{"href":"https:\/\/bsp2.pl\/pl\/index.php\/wp-json\/wp\/v2\/types\/page"}],"author":[{"embeddable":true,"href":"https:\/\/bsp2.pl\/pl\/index.php\/wp-json\/wp\/v2\/users\/1"}],"replies":[{"embeddable":true,"href":"https:\/\/bsp2.pl\/pl\/index.php\/wp-json\/wp\/v2\/comments?post=3067"}],"version-history":[{"count":2,"href":"https:\/\/bsp2.pl\/pl\/index.php\/wp-json\/wp\/v2\/pages\/3067\/revisions"}],"predecessor-version":[{"id":3138,"href":"https:\/\/bsp2.pl\/pl\/index.php\/wp-json\/wp\/v2\/pages\/3067\/revisions\/3138"}],"up":[{"embeddable":true,"href":"https:\/\/bsp2.pl\/pl\/index.php\/wp-json\/wp\/v2\/pages\/3065"}],"wp:attachment":[{"href":"https:\/\/bsp2.pl\/pl\/index.php\/wp-json\/wp\/v2\/media?parent=3067"}],"curies":[{"name":"wp","href":"https:\/\/api.w.org\/{rel}","templated":true}]}}