{"id":3069,"date":"2022-06-20T06:56:57","date_gmt":"2022-06-20T06:56:57","guid":{"rendered":"https:\/\/bsp2.pl\/pl\/?page_id=3069"},"modified":"2025-12-02T12:13:18","modified_gmt":"2025-12-02T12:13:18","slug":"dokumenty","status":"publish","type":"page","link":"https:\/\/bsp2.pl\/pl\/index.php\/o-nas\/dokumenty\/","title":{"rendered":"Dokumenty"},"content":{"rendered":"\t\t<div data-elementor-type=\"wp-page\" data-elementor-id=\"3069\" class=\"elementor elementor-3069\">\n\t\t\t\t\t\t\t\t\t<section class=\"elementor-section elementor-top-section elementor-element elementor-element-5d001735 elementor-section-boxed elementor-section-height-default elementor-section-height-default\" data-id=\"5d001735\" data-element_type=\"section\">\n\t\t\t\t\t\t<div class=\"elementor-container elementor-column-gap-default\">\n\t\t\t\t\t<div class=\"elementor-column elementor-col-100 elementor-top-column elementor-element elementor-element-3d512ba9\" data-id=\"3d512ba9\" data-element_type=\"column\">\n\t\t\t<div class=\"elementor-widget-wrap elementor-element-populated\">\n\t\t\t\t\t\t\t\t<div class=\"elementor-element elementor-element-446f5cd1 elementor-widget elementor-widget-text-editor\" data-id=\"446f5cd1\" data-element_type=\"widget\" data-widget_type=\"text-editor.default\">\n\t\t\t\t<div class=\"elementor-widget-container\">\n\t\t\t<style>\/*! elementor - v3.6.6 - 08-06-2022 *\/\n.elementor-widget-text-editor.elementor-drop-cap-view-stacked .elementor-drop-cap{background-color:#818a91;color:#fff}.elementor-widget-text-editor.elementor-drop-cap-view-framed .elementor-drop-cap{color:#818a91;border:3px solid;background-color:transparent}.elementor-widget-text-editor:not(.elementor-drop-cap-view-default) .elementor-drop-cap{margin-top:8px}.elementor-widget-text-editor:not(.elementor-drop-cap-view-default) .elementor-drop-cap-letter{width:1em;height:1em}.elementor-widget-text-editor .elementor-drop-cap{float:left;text-align:center;line-height:1;font-size:50px}.elementor-widget-text-editor .elementor-drop-cap-letter{display:inline-block}<\/style>\t\t\t\t<h4>Dokumenty dotycz\u0105ce bursy<\/h4><p><strong><a href=\"https:\/\/bsp2.pl\/pl\/wp-content\/uploads\/2024\/08\/Statut-BSP2-23-24-tekst-ujednolicony.pdf\">Statut Bursy Nr 2 w Krakowie<\/a><\/strong><\/p><p><strong><a href=\"https:\/\/bsp2.pl\/pl\/wp-content\/uploads\/2025\/08\/Regulamin-wewnetrzny-2025-2026.pdf\" rel=\"attachment wp-att-3584\">Regulamin wewn\u0119trzny BSP Nr 2 w Krakowie<\/a><\/strong><\/p><p><strong><a href=\"https:\/\/bsp2.pl\/pl\/wp-content\/uploads\/2025\/09\/Program-wychowawczo-2025-2026.pdf\">PROGRAM WYCHOWAWCZO- PROFILAKTYCZNY rok szkolny 2025\/2026<\/a><\/strong><\/p><p><strong><a href=\"https:\/\/bsp2.pl\/pl\/wp-content\/uploads\/2021\/01\/Polityka-bezpieczenstwa-danych-osobowych.docx\" target=\"_blank\" rel=\"noopener noreferrer\">POLITYKA BEZPIECZE\u0143STWA DANYCH OSOBOWYCH<\/a><\/strong><\/p><p><a href=\"https:\/\/bsp2.pl\/pl\/wp-content\/uploads\/2024\/03\/STANDARDY-BSP2-1.pdf\"><strong>STANDARDY<\/strong> <strong>OCHRONY MA\u0141OLETNICH W BURSIE SZKOLNICTWA PONADPODSTAWOWEGO NR 2 W KRAKOWIE<\/strong><\/a><\/p><p><a style=\"font-size: 14px;\" href=\"https:\/\/bsp2.pl\/pl\/wp-content\/uploads\/2025\/08\/STANDARDY-BSP2-dla-mlodziezy.docx\" target=\"_blank\" rel=\"noopener\"><b>STANDARDY\u00a0OCHRONY MA\u0141OLETNICH DLA M\u0141ODZIE\u017bY W BURSIE SZKOLNICTWA PONADPODSTAWOWEGO NR 2 W KRAKOWIE<\/b><\/a><\/p><p><strong style=\"background-color: transparent; font-size: 14px;\"><a href=\"https:\/\/bsp2.pl\/pl\/wp-content\/uploads\/2025\/12\/KALENDARZ-ROKU-SZKOLNEGO-bursa-2025-2026-2.docx\">KALENDARZ ROKU SZKOLNEGO 2025\/2026<\/a><\/strong><\/p><p><strong><a href=\"https:\/\/bsp2.pl\/pl\/wp-content\/uploads\/2025\/12\/prognozowane-oplaty-za-pobyt-w-bursie-2025-2026-2.docx\">PROGNOZOWANE OP\u0141ATY ZA POBYT W BURSIE W ROKU SZKOLNYM 2025\/2026<\/a><\/strong><\/p><h2><strong><br \/>Dokumenty do pobrania<\/strong><\/h2><p><span style=\"color: #000000;\"><strong><a style=\"color: #000000;\" href=\"https:\/\/bsp2.pl\/pl\/wp-content\/uploads\/2025\/06\/PODANIE-O-PRZYJECIE-2025-2026.docx\">Podanie o przyj\u0119cie do bursy na rok szkolny 2025\/2026<\/a><\/strong><\/span><\/p><p><strong><a href=\"https:\/\/bsp2.pl\/pl\/wp-content\/uploads\/2025\/08\/Umowa-BSP2-2025-2026.pdf\">Umowa o zakwaterowanie na rok szkolny 2025\/ 2026<\/a><br \/><\/strong><\/p><p><strong><a href=\"https:\/\/bsp2.pl\/pl\/wp-content\/uploads\/2024\/08\/zgloszenie-pobytu-czasowego-2023-1.pdf\">Zg\u0142oszenie pobytu czasowego na rok szkolny 2025\/ 2026<\/a><\/strong><\/p><p><strong><a href=\"https:\/\/bsp2.pl\/pl\/wp-content\/uploads\/2024\/10\/zal-nr-2-rezygnacja-1-1.docx\">Rezygnacja<\/a><\/strong><\/p><p><strong><a href=\"https:\/\/bsp2.pl\/pl\/wp-content\/uploads\/2024\/10\/zal-nr-1-wniosek-do-zarzadzenia-.-1-1.docx\">Wniosek o obni\u017cenie p\u0142atno\u015bci <\/a><\/strong><\/p><p><strong><a href=\"https:\/\/bsp2.pl\/pl\/wp-content\/uploads\/2025\/08\/kwestionariusz-osobowy-mieszkanca-2025-2026.pdf\">Kwestionariusz wychowanka<\/a><\/strong><\/p><p><strong><a href=\"https:\/\/bsp2.pl\/pl\/wp-content\/uploads\/2023\/08\/NIEZBEDNIK-MIESZKANCA-BSP2-2.doc\">NIEZB\u0118DNIK MIESZKA\u0143CA BURSY<\/a><\/strong><\/p><p><a style=\"font-size: 14px;\" href=\"https:\/\/bsp2.pl\/pl\/wp-content\/uploads\/2022\/06\/22-23-Oswiadczenie-o-wielodzietnosci.doc\" target=\"_blank\" rel=\"noopener\">O\u015bwiadczenie o wielodzietno\u015bci<\/a><\/p>\t\t\t\t\t\t<\/div>\n\t\t\t\t<\/div>\n\t\t\t\t\t<\/div>\n\t\t<\/div>\n\t\t\t\t\t\t\t<\/div>\n\t\t<\/section>\n\t\t\t\t\t\t\t<\/div>\n\t\t","protected":false},"excerpt":{"rendered":"<p>Dokumenty dotycz\u0105ce bursy Statut Bursy Nr 2 w Krakowie Regulamin wewn\u0119trzny BSP Nr 2 w Krakowie PROGRAM WYCHOWAWCZO- PROFILAKTYCZNY rok szkolny 2025\/2026 POLITYKA BEZPIECZE\u0143STWA DANYCH OSOBOWYCH STANDARDY OCHRONY MA\u0141OLETNICH W BURSIE SZKOLNICTWA PONADPODSTAWOWEGO NR 2 W KRAKOWIE STANDARDY\u00a0OCHRONY MA\u0141OLETNICH DLA M\u0141ODZIE\u017bY W BURSIE SZKOLNICTWA PONADPODSTAWOWEGO NR 2 W KRAKOWIE KALENDARZ [&hellip;]<\/p>\n","protected":false},"author":1,"featured_media":0,"parent":3065,"menu_order":0,"comment_status":"closed","ping_status":"closed","template":"","meta":{"ngg_post_thumbnail":0,"footnotes":""},"_links":{"self":[{"href":"https:\/\/bsp2.pl\/pl\/index.php\/wp-json\/wp\/v2\/pages\/3069"}],"collection":[{"href":"https:\/\/bsp2.pl\/pl\/index.php\/wp-json\/wp\/v2\/pages"}],"about":[{"href":"https:\/\/bsp2.pl\/pl\/index.php\/wp-json\/wp\/v2\/types\/page"}],"author":[{"embeddable":true,"href":"https:\/\/bsp2.pl\/pl\/index.php\/wp-json\/wp\/v2\/users\/1"}],"replies":[{"embeddable":true,"href":"https:\/\/bsp2.pl\/pl\/index.php\/wp-json\/wp\/v2\/comments?post=3069"}],"version-history":[{"count":209,"href":"https:\/\/bsp2.pl\/pl\/index.php\/wp-json\/wp\/v2\/pages\/3069\/revisions"}],"predecessor-version":[{"id":4034,"href":"https:\/\/bsp2.pl\/pl\/index.php\/wp-json\/wp\/v2\/pages\/3069\/revisions\/4034"}],"up":[{"embeddable":true,"href":"https:\/\/bsp2.pl\/pl\/index.php\/wp-json\/wp\/v2\/pages\/3065"}],"wp:attachment":[{"href":"https:\/\/bsp2.pl\/pl\/index.php\/wp-json\/wp\/v2\/media?parent=3069"}],"curies":[{"name":"wp","href":"https:\/\/api.w.org\/{rel}","templated":true}]}}