{"id":3071,"date":"2022-06-20T06:57:11","date_gmt":"2022-06-20T06:57:11","guid":{"rendered":"https:\/\/bsp2.pl\/pl\/?page_id=3071"},"modified":"2022-07-14T13:45:12","modified_gmt":"2022-07-14T13:45:12","slug":"oferta","status":"publish","type":"page","link":"https:\/\/bsp2.pl\/pl\/index.php\/oferta\/","title":{"rendered":"Oferta"},"content":{"rendered":"<p>Bursa Szkolnictwa Ponadpodstawowego nr 2 (internat) jest plac\u00f3wk\u0105 opieku\u0144czo-wychowawcz\u0105 przeznaczon\u0105 dla m\u0142odzie\u017cy, kt\u00f3ra uko\u0144czy\u0142a szko\u0142\u0119 podstawow\u0105 tj. dla uczni\u00f3w wszystkich typ\u00f3w szk\u00f3\u0142 \u015brednich. Jest to plac\u00f3wka koedukacyjna.<\/p>\n<p>Od roku szkolnego 2020\/2021 mie\u015bci si\u0119 w trzech budynkach (po dawnych internatach \u2013 Zespo\u0142u Szk\u00f3\u0142 Zawodowych nr 2, Zespo\u0142u Szk\u00f3\u0142 Elektrycznych nr 2, Zespo\u0142u Szk\u00f3\u0142 Gastronomicznych nr 1), na Osiedlu Szkolnym 17-19, w dzielnicy Krakowa \u2013 Nowa Huta.<\/p>\n<p>Zapewniamy opiek\u0119 wychowankom w systemie ci\u0105g\u0142ym tzn. bez konieczno\u015bci wyjazd\u00f3w na dni weekendowe. Bursa jest zamkni\u0119ta w wakacje, ferie zimowe oraz podczas przerw w nauce szkolnej, w okresie \u015bwi\u0105t Bo\u017cego Narodzenia i Wielkanocy.<\/p>\n<p>Oferujemy g\u0142\u00f3wnie pokoje trzyosobowe. Mieszka\u0144cy mog\u0105 korzysta\u0107 z pokoju przeznaczonego do nauki indywidualnej, gdzie maja mo\u017cliwo\u015b\u0107 w niekr\u0119puj\u0105cy spos\u00f3b uczy\u0107 si\u0119 i odrabia\u0107 zadania domowe.<\/p>\n<p>Do dyspozycji wychowank\u00f3w przeznaczone s\u0105 kuchnie z pe\u0142nym wyposa\u017ceniem, nowoczesne \u0142azienki z prysznicami, pralnie z pralkami automatycznymi. Dysponujemy \u015bwietlic\u0105 spe\u0142niaj\u0105c\u0105 funkcj\u0119 sali TV, kt\u00f3ra r\u00f3wnie\u017c s\u0142u\u017cy jako miejsce spotka\u0144 mieszka\u0144c\u00f3w Bursy i jest wyposa\u017cona w pianino. Do dyspozycji m\u0142odzie\u017cy pozostaje r\u00f3wnie\u017c sprz\u0119t sportowy \u2013 pi\u0142ki, rakietki, st\u00f3\u0142 pingpongowy.<\/p>\n<p>Budynek Bursy jest monitorowany, co zapewnia pe\u0142ne bezpiecze\u0144stwo mieszka\u0144com. A tak\u017ce posiadamy w\u0142asne WI-FI.<\/p>\n<p>Zapraszamy Rodzic\u00f3w do udzia\u0142u w Radzie Bursy, wsp\u00f3\u0142tworz\u0105cej program wychowawczy plac\u00f3wki.<\/p>\n<p>Opiek\u0119 pedagogiczn\u0105 nad mieszka\u0144cami sprawuje dyrektor: mgr Kinga Czy\u017c<\/p>\n","protected":false},"excerpt":{"rendered":"<p>Bursa Szkolnictwa Ponadpodstawowego nr 2 (internat) jest plac\u00f3wk\u0105 opieku\u0144czo-wychowawcz\u0105 przeznaczon\u0105 dla m\u0142odzie\u017cy, kt\u00f3ra uko\u0144czy\u0142a szko\u0142\u0119 podstawow\u0105 tj. dla uczni\u00f3w wszystkich typ\u00f3w szk\u00f3\u0142 \u015brednich. Jest to plac\u00f3wka koedukacyjna. Od roku szkolnego 2020\/2021 mie\u015bci si\u0119 w trzech budynkach (po dawnych internatach \u2013 Zespo\u0142u Szk\u00f3\u0142 Zawodowych nr 2, Zespo\u0142u Szk\u00f3\u0142 Elektrycznych nr 2, [&hellip;]<\/p>\n","protected":false},"author":1,"featured_media":0,"parent":0,"menu_order":0,"comment_status":"closed","ping_status":"closed","template":"","meta":{"ngg_post_thumbnail":0,"footnotes":""},"_links":{"self":[{"href":"https:\/\/bsp2.pl\/pl\/index.php\/wp-json\/wp\/v2\/pages\/3071"}],"collection":[{"href":"https:\/\/bsp2.pl\/pl\/index.php\/wp-json\/wp\/v2\/pages"}],"about":[{"href":"https:\/\/bsp2.pl\/pl\/index.php\/wp-json\/wp\/v2\/types\/page"}],"author":[{"embeddable":true,"href":"https:\/\/bsp2.pl\/pl\/index.php\/wp-json\/wp\/v2\/users\/1"}],"replies":[{"embeddable":true,"href":"https:\/\/bsp2.pl\/pl\/index.php\/wp-json\/wp\/v2\/comments?post=3071"}],"version-history":[{"count":2,"href":"https:\/\/bsp2.pl\/pl\/index.php\/wp-json\/wp\/v2\/pages\/3071\/revisions"}],"predecessor-version":[{"id":3140,"href":"https:\/\/bsp2.pl\/pl\/index.php\/wp-json\/wp\/v2\/pages\/3071\/revisions\/3140"}],"wp:attachment":[{"href":"https:\/\/bsp2.pl\/pl\/index.php\/wp-json\/wp\/v2\/media?parent=3071"}],"curies":[{"name":"wp","href":"https:\/\/api.w.org\/{rel}","templated":true}]}}