{"id":3073,"date":"2022-06-20T06:57:22","date_gmt":"2022-06-20T06:57:22","guid":{"rendered":"https:\/\/bsp2.pl\/pl\/?page_id=3073"},"modified":"2023-02-10T18:52:06","modified_gmt":"2023-02-10T18:52:06","slug":"dla-ucznia","status":"publish","type":"page","link":"https:\/\/bsp2.pl\/pl\/index.php\/oferta\/dla-ucznia\/","title":{"rendered":"Dla ucznia"},"content":{"rendered":"\t\t<div data-elementor-type=\"wp-page\" data-elementor-id=\"3073\" class=\"elementor elementor-3073\">\n\t\t\t\t\t\t\t\t\t<section class=\"elementor-section elementor-top-section elementor-element elementor-element-587c7555 elementor-section-boxed elementor-section-height-default elementor-section-height-default\" data-id=\"587c7555\" data-element_type=\"section\">\n\t\t\t\t\t\t<div class=\"elementor-container elementor-column-gap-default\">\n\t\t\t\t\t<div class=\"elementor-column elementor-col-100 elementor-top-column elementor-element elementor-element-234d1294\" data-id=\"234d1294\" data-element_type=\"column\">\n\t\t\t<div class=\"elementor-widget-wrap elementor-element-populated\">\n\t\t\t\t\t\t\t\t<div class=\"elementor-element elementor-element-3c19823b elementor-widget elementor-widget-text-editor\" data-id=\"3c19823b\" data-element_type=\"widget\" data-widget_type=\"text-editor.default\">\n\t\t\t\t<div class=\"elementor-widget-container\">\n\t\t\t<style>\/*! elementor - v3.6.6 - 08-06-2022 *\/\n.elementor-widget-text-editor.elementor-drop-cap-view-stacked .elementor-drop-cap{background-color:#818a91;color:#fff}.elementor-widget-text-editor.elementor-drop-cap-view-framed .elementor-drop-cap{color:#818a91;border:3px solid;background-color:transparent}.elementor-widget-text-editor:not(.elementor-drop-cap-view-default) .elementor-drop-cap{margin-top:8px}.elementor-widget-text-editor:not(.elementor-drop-cap-view-default) .elementor-drop-cap-letter{width:1em;height:1em}.elementor-widget-text-editor .elementor-drop-cap{float:left;text-align:center;line-height:1;font-size:50px}.elementor-widget-text-editor .elementor-drop-cap-letter{display:inline-block}<\/style>\t\t\t\t<p>Je\u017celi jeste\u015b (lub zamierzasz by\u0107) uczniem krakowskiej szko\u0142y ponadpodstawowej a mieszkasz daleko od szko\u0142y przeczytaj informacje na naszej stronie i postaraj si\u0119 o miejsce u nas. Na stronie znajdziesz niezb\u0119dne informacje\u00a0 i kontakty. Pisz lub dzwo\u0144 \u2013 postaramy si\u0119 pom\u00f3c.<\/p><p>Nasza bursa znajduje si\u0119 na os. Szkolnym 17 i 19. \u00a0Zapewniamy opiek\u0119 w systemie ci\u0105g\u0142ym tzn. bez konieczno\u015bci wyjazd\u00f3w na dni weekendowe. Bursa nie pracuje w wakacje, ferie zimowe oraz podczas przerw w nauce szkolnej, w okresie \u015awi\u0105t Bo\u017cego Narodzenia i Wielkanocy.<\/p><p>Budynki s\u0105 nowoczesne, spe\u0142niaj\u0105 wymagania sanitarno-epidemiologiczne. Pokoje s\u0105 dwu- i trzyosobowe, o du\u017cej powierzchni. Do dyspozycji mieszka\u0144c\u00f3w pozostaj\u0105 aneksy kuchenne z pe\u0142nym wyposa\u017ceniem, nowoczesne \u0142azienki z prysznicami, pralnie z pralkami i suszarkami automatycznymi. Dysponujemy pomieszczeniami wsp\u00f3lnymi, w kt\u00f3rych organizujemy spotkania, imprezy. Mo\u017cna w nich tak\u017ce spotyka\u0107 si\u0119 z kolegami, ogl\u0105da\u0107 TV, gra\u0107 w gry (pi\u0142karzyki, tenis sto\u0142owy, gry planszowe itp.). Nieodp\u0142atnie udost\u0119pniamy mieszka\u0144com sygna\u0142 Wi Fi. Organizujemy wyj\u015bcia i wycieczki.<\/p><p>Je\u017celi jeste\u015b zainteresowana (-y) \u2013 zapraszamy!<\/p><p><strong><br \/>Do pobrania:<\/strong><\/p><p><a href=\"https:\/\/bsp2.pl\/pl\/wp-content\/uploads\/2023\/02\/porzadek-dnia.pdf\">Porz\u0105dek Dnia <\/a><\/p><p><a href=\"https:\/\/bsp2.pl\/pl\/wp-content\/uploads\/2021\/08\/NIEZBEDNIK-MIESZKANCA-BSP2.doc\" target=\"_blank\" rel=\"noopener\">NIEZB\u0118DNIK MIESZKA\u0143CA BSP2<\/a><\/p>\t\t\t\t\t\t<\/div>\n\t\t\t\t<\/div>\n\t\t\t\t\t<\/div>\n\t\t<\/div>\n\t\t\t\t\t\t\t<\/div>\n\t\t<\/section>\n\t\t\t\t\t\t\t<\/div>\n\t\t","protected":false},"excerpt":{"rendered":"<p>Je\u017celi jeste\u015b (lub zamierzasz by\u0107) uczniem krakowskiej szko\u0142y ponadpodstawowej a mieszkasz daleko od szko\u0142y przeczytaj informacje na naszej stronie i postaraj si\u0119 o miejsce u nas. Na stronie znajdziesz niezb\u0119dne informacje\u00a0 i kontakty. Pisz lub dzwo\u0144 \u2013 postaramy si\u0119 pom\u00f3c. Nasza bursa znajduje si\u0119 na os. Szkolnym 17 i 19. [&hellip;]<\/p>\n","protected":false},"author":1,"featured_media":0,"parent":3071,"menu_order":0,"comment_status":"closed","ping_status":"closed","template":"","meta":{"ngg_post_thumbnail":0,"footnotes":""},"_links":{"self":[{"href":"https:\/\/bsp2.pl\/pl\/index.php\/wp-json\/wp\/v2\/pages\/3073"}],"collection":[{"href":"https:\/\/bsp2.pl\/pl\/index.php\/wp-json\/wp\/v2\/pages"}],"about":[{"href":"https:\/\/bsp2.pl\/pl\/index.php\/wp-json\/wp\/v2\/types\/page"}],"author":[{"embeddable":true,"href":"https:\/\/bsp2.pl\/pl\/index.php\/wp-json\/wp\/v2\/users\/1"}],"replies":[{"embeddable":true,"href":"https:\/\/bsp2.pl\/pl\/index.php\/wp-json\/wp\/v2\/comments?post=3073"}],"version-history":[{"count":9,"href":"https:\/\/bsp2.pl\/pl\/index.php\/wp-json\/wp\/v2\/pages\/3073\/revisions"}],"predecessor-version":[{"id":3606,"href":"https:\/\/bsp2.pl\/pl\/index.php\/wp-json\/wp\/v2\/pages\/3073\/revisions\/3606"}],"up":[{"embeddable":true,"href":"https:\/\/bsp2.pl\/pl\/index.php\/wp-json\/wp\/v2\/pages\/3071"}],"wp:attachment":[{"href":"https:\/\/bsp2.pl\/pl\/index.php\/wp-json\/wp\/v2\/media?parent=3073"}],"curies":[{"name":"wp","href":"https:\/\/api.w.org\/{rel}","templated":true}]}}