{"id":3075,"date":"2022-06-20T06:57:31","date_gmt":"2022-06-20T06:57:31","guid":{"rendered":"https:\/\/bsp2.pl\/pl\/?page_id=3075"},"modified":"2025-12-02T12:16:19","modified_gmt":"2025-12-02T12:16:19","slug":"oplaty","status":"publish","type":"page","link":"https:\/\/bsp2.pl\/pl\/index.php\/oferta\/oplaty\/","title":{"rendered":"Op\u0142aty"},"content":{"rendered":"\t\t<div data-elementor-type=\"wp-page\" data-elementor-id=\"3075\" class=\"elementor elementor-3075\">\n\t\t\t\t\t\t\t\t\t<section class=\"elementor-section elementor-top-section elementor-element elementor-element-35957adf elementor-section-boxed elementor-section-height-default elementor-section-height-default\" data-id=\"35957adf\" data-element_type=\"section\">\n\t\t\t\t\t\t<div class=\"elementor-container elementor-column-gap-default\">\n\t\t\t\t\t<div class=\"elementor-column elementor-col-100 elementor-top-column elementor-element elementor-element-2139748\" data-id=\"2139748\" data-element_type=\"column\">\n\t\t\t<div class=\"elementor-widget-wrap elementor-element-populated\">\n\t\t\t\t\t\t\t\t<div class=\"elementor-element elementor-element-7a3ab5ee elementor-widget elementor-widget-text-editor\" data-id=\"7a3ab5ee\" data-element_type=\"widget\" data-widget_type=\"text-editor.default\">\n\t\t\t\t<div class=\"elementor-widget-container\">\n\t\t\t<style>\/*! elementor - v3.6.6 - 08-06-2022 *\/\n.elementor-widget-text-editor.elementor-drop-cap-view-stacked .elementor-drop-cap{background-color:#818a91;color:#fff}.elementor-widget-text-editor.elementor-drop-cap-view-framed .elementor-drop-cap{color:#818a91;border:3px solid;background-color:transparent}.elementor-widget-text-editor:not(.elementor-drop-cap-view-default) .elementor-drop-cap{margin-top:8px}.elementor-widget-text-editor:not(.elementor-drop-cap-view-default) .elementor-drop-cap-letter{width:1em;height:1em}.elementor-widget-text-editor .elementor-drop-cap{float:left;text-align:center;line-height:1;font-size:50px}.elementor-widget-text-editor .elementor-drop-cap-letter{display:inline-block}<\/style>\t\t\t\t<p>Op\u0142aty za pobyt w Bursie reguluje Uchwa\u0142a nr LXXXII\/2035\/17 Rady Miasta z dnia 13 wrze\u015bnia 2017 r. \u00a0W roku szkolnym 2025\/2026 wysoko\u015b\u0107 op\u0142aty miesi\u0119cznej za pobyt w bursie wynosi 197,00 z\u0142.<\/p><p><strong><a href=\"https:\/\/bsp2.pl\/pl\/wp-content\/uploads\/2025\/12\/prognozowane-oplaty-za-pobyt-w-bursie-2025-2026-2.docx\">PROGNOZOWANE OP\u0141ATY ZA POBYT W BURSIE W ROKU SZKOLNYM 2025\/ 2026<\/a><\/strong><\/p><p>Wp\u0142aty za pobyt nale\u017cy dokona\u0107 na na rachunek bankowy Bursy Szkolnictwa Ponadpodstawowego nr 2\u00a0 w terminie do 10. dnia\u00a0 miesi\u0105ca nast\u0119puj\u0105cego po miesi\u0105cu za kt\u00f3ry op\u0142ata jest wnoszona (np. za pobyt we wrze\u015bniu p\u0142acimy do 10. pa\u017adziernika).<\/p><p><strong>nr konta: <\/strong><\/p><p><strong>POWSZECHNA KASA OSZCZ\u0118DNO\u015aCI BANK POLSKI\u00a0\u00a0 <\/strong><\/p><p><strong>31 1020 4900\u00a0\u00a0 0000 8502 3015 5340<\/strong><\/p><p>Wszystkie szczeg\u00f3\u0142owe uwagi dotycz\u0105ce op\u0142at zawarte s\u0105 w druku umowy, kt\u00f3r\u0105 Rodzice\/Opiekunowie, b\u0105d\u017a pe\u0142noletni Uczniowie podpisuj\u0105 w bursie.<\/p>\t\t\t\t\t\t<\/div>\n\t\t\t\t<\/div>\n\t\t\t\t\t<\/div>\n\t\t<\/div>\n\t\t\t\t\t\t\t<\/div>\n\t\t<\/section>\n\t\t\t\t\t\t\t<\/div>\n\t\t","protected":false},"excerpt":{"rendered":"<p>Op\u0142aty za pobyt w Bursie reguluje Uchwa\u0142a nr LXXXII\/2035\/17 Rady Miasta z dnia 13 wrze\u015bnia 2017 r. \u00a0W roku szkolnym 2025\/2026 wysoko\u015b\u0107 op\u0142aty miesi\u0119cznej za pobyt w bursie wynosi 197,00 z\u0142. PROGNOZOWANE OP\u0141ATY ZA POBYT W BURSIE W ROKU SZKOLNYM 2025\/ 2026 Wp\u0142aty za pobyt nale\u017cy dokona\u0107 na na rachunek [&hellip;]<\/p>\n","protected":false},"author":1,"featured_media":0,"parent":3071,"menu_order":0,"comment_status":"closed","ping_status":"closed","template":"","meta":{"ngg_post_thumbnail":0,"footnotes":""},"_links":{"self":[{"href":"https:\/\/bsp2.pl\/pl\/index.php\/wp-json\/wp\/v2\/pages\/3075"}],"collection":[{"href":"https:\/\/bsp2.pl\/pl\/index.php\/wp-json\/wp\/v2\/pages"}],"about":[{"href":"https:\/\/bsp2.pl\/pl\/index.php\/wp-json\/wp\/v2\/types\/page"}],"author":[{"embeddable":true,"href":"https:\/\/bsp2.pl\/pl\/index.php\/wp-json\/wp\/v2\/users\/1"}],"replies":[{"embeddable":true,"href":"https:\/\/bsp2.pl\/pl\/index.php\/wp-json\/wp\/v2\/comments?post=3075"}],"version-history":[{"count":12,"href":"https:\/\/bsp2.pl\/pl\/index.php\/wp-json\/wp\/v2\/pages\/3075\/revisions"}],"predecessor-version":[{"id":4039,"href":"https:\/\/bsp2.pl\/pl\/index.php\/wp-json\/wp\/v2\/pages\/3075\/revisions\/4039"}],"up":[{"embeddable":true,"href":"https:\/\/bsp2.pl\/pl\/index.php\/wp-json\/wp\/v2\/pages\/3071"}],"wp:attachment":[{"href":"https:\/\/bsp2.pl\/pl\/index.php\/wp-json\/wp\/v2\/media?parent=3075"}],"curies":[{"name":"wp","href":"https:\/\/api.w.org\/{rel}","templated":true}]}}