{"id":3077,"date":"2024-04-03T06:57:54","date_gmt":"2024-04-03T06:57:54","guid":{"rendered":"https:\/\/bsp2.pl\/pl\/?page_id=3077"},"modified":"2026-04-10T19:05:42","modified_gmt":"2026-04-10T19:05:42","slug":"rekrutacja-2026-2027","status":"publish","type":"page","link":"https:\/\/bsp2.pl\/pl\/index.php\/rekrutacja-2026-2027\/","title":{"rendered":"Rekrutacja 2026\/2027"},"content":{"rendered":"\t\t<div data-elementor-type=\"wp-page\" data-elementor-id=\"3077\" class=\"elementor elementor-3077\">\n\t\t\t\t\t\t\t\t\t<section class=\"elementor-section elementor-top-section elementor-element elementor-element-7e4d2259 elementor-section-boxed elementor-section-height-default elementor-section-height-default\" data-id=\"7e4d2259\" data-element_type=\"section\">\n\t\t\t\t\t\t<div class=\"elementor-container elementor-column-gap-default\">\n\t\t\t\t\t<div class=\"elementor-column elementor-col-100 elementor-top-column elementor-element elementor-element-45415941\" data-id=\"45415941\" data-element_type=\"column\">\n\t\t\t<div class=\"elementor-widget-wrap elementor-element-populated\">\n\t\t\t\t\t\t\t\t<div class=\"elementor-element elementor-element-6a6afb9f elementor-widget elementor-widget-text-editor\" data-id=\"6a6afb9f\" data-element_type=\"widget\" data-widget_type=\"text-editor.default\">\n\t\t\t\t<div class=\"elementor-widget-container\">\n\t\t\t<style>\/*! elementor - v3.6.6 - 08-06-2022 *\/\n.elementor-widget-text-editor.elementor-drop-cap-view-stacked .elementor-drop-cap{background-color:#818a91;color:#fff}.elementor-widget-text-editor.elementor-drop-cap-view-framed .elementor-drop-cap{color:#818a91;border:3px solid;background-color:transparent}.elementor-widget-text-editor:not(.elementor-drop-cap-view-default) .elementor-drop-cap{margin-top:8px}.elementor-widget-text-editor:not(.elementor-drop-cap-view-default) .elementor-drop-cap-letter{width:1em;height:1em}.elementor-widget-text-editor .elementor-drop-cap{float:left;text-align:center;line-height:1;font-size:50px}.elementor-widget-text-editor .elementor-drop-cap-letter{display:inline-block}<\/style>\t\t\t\t<p><strong>TERMINY REKRUTACJI<\/strong><\/p><div><b>1.Termin sk\u0142adania deklaracji o kontynuowaniu pobytu w plac\u00f3wce:<\/b><\/div><div>od 11.05.2026 r. do 10.06.2026r.\u00a0\u00a0\u00a0\u00a0\u00a0\u00a0\u00a0\u00a0\u00a0 \u00a0\u00a0\u00a0\u00a0\u00a0\u00a0\u00a0\u00a0\u00a0\u00a0\u00a0\u00a0\u00a0<\/div><div><b>2. Termin post\u0119powania rekrutacyjnego:\u00a0<\/b>od 17.06.2026 r. do 24.07.2026 r., w tym:<\/div><div>a) sk\u0142adanie dokument\u00f3w: od 17.06.2026 r. do 22.07.2026 r.<\/div><div>b) podanie do publicznej wiadomo\u015bci listy kandydat\u00f3w zakwalifikowanych\u00a0i niezakwalifikowanych: 23.07.2026 r.,<\/div><div>c) podanie do publicznej wiadomo\u015bci listy kandydat\u00f3w przyj\u0119tych i nieprzyj\u0119tych: 24.07.2026 r.\u00a0 \u00a0 \u00a0 \u00a0 \u00a0 \u00a0 \u00a0 \u00a0 \u00a0 \u00a0 \u00a0 \u00a0 \u00a0 \u00a0 \u00a0 \u00a0 \u00a0 \u00a0<\/div><div><span style=\"font-size: small;\"><b>3. Termin post\u0119powania uzupe\u0142niaj\u0105cego<\/b><\/span><span style=\"font-size: small;\">: od 27.07. 2026 r do 13.08.2026 r.<\/span><\/div><div>a) sk\u0142adanie dokument\u00f3w: od 27.07. 2026 r do 10.08. 2026r.<\/div><div>b) podanie do publicznej wiadomo\u015bci listy kandydat\u00f3w zakwalifikowanych i niezakwalifikowanych: 12.08.2026 r.<\/div><div>c) podanie do publicznej wiadomo\u015bci listy kandydat\u00f3w przyj\u0119tych i nieprzyj\u0119tych: 13.08.2026 r.<\/div><p><strong>OBOWI\u0104ZUJ\u0104CE DOKUMENTY:<\/strong><\/p><p>Podanie o przyj\u0119cie do bursy wraz z kryteriami rekrutacji, wype\u0142niony przez rodzica \/ prawnego opiekuna lub pe\u0142noletniego kandydata.<\/p><p>Za\u015bwiadczenie o przyj\u0119ciu kandydata do szko\u0142y w Krakowie (za\u015bwiadczenie nale\u017cy dostarczy\u0107 do bursy najp\u00f3\u017aniej w dniu 22.07.2026 r. do godz. 15.00) \u2013 brak za\u015bwiadczenia o przyj\u0119ciu do szko\u0142y uniemo\u017cliwia realizacj\u0119 post\u0119powania rekrutacyjnego).<\/p><p>Dokumenty potwierdzaj\u0105ce spe\u0142nienie przez kandydata poszczeg\u00f3lnych kryteri\u00f3w rekrutacyjnych (wskazane w podaniu).<\/p><p><strong>SK\u0141ADANIE DOKUMENT\u00d3W<\/strong><\/p><p><u>Dokumenty:<\/u><\/p><ol><li><span style=\"color: #000000;\"><strong>\u00a0Podanie o przyj\u0119cie do bursy na rok szkolny 2026\/27\u00a0<\/strong><\/span><\/li><li>Za\u015bwiadczenie o przyj\u0119ciu kandydata do szko\u0142y w Krakowie, (za\u015bwiadczenie nale\u017cy dostarczy\u0107 do 22.07.2027. do godz. 15.00)\u00a0\u00a0Brak za\u015bwiadczenia o przyj\u0119ciu do szko\u0142y wyklucza kandydata z postepowania rekrutacyjnego.<\/li><li>Dokumenty\u00a0potwierdzaj\u0105ce spe\u0142nianie przez kandydata okre\u015blonych\u00a0kryteri\u00f3w\u00a0(odpowiednie o\u015bwiadczenia, za\u015bwiadczenia, kserokopie itp.).|<\/li><li>Uczniowie z innych kraj\u00f3w, je\u017celi chc\u0105 mieszka\u0107 w bursie musz\u0105 przebywa\u0107 pod opiek\u0105 rodzic\u00f3w (obecnych na terenie Polski) lub mie\u0107\u00a0<a href=\"https:\/\/bsp2.pl\/pl\/wp-content\/uploads\/2025\/07\/2025.10.07_BSP2_uczniowie-spoza-kraju-1.docx\">opiekuna tymczasowego<\/a> \u00a0 ustanowionego przez s\u0105d rodzinny.\u00a0<br \/><strong><br \/>DOKUMENTY POTWIERDZAJ\u0104CE SPE\u0141NIANIE PRZEZ KANDYDATA OKRE\u015aLONYCH KRYTERI\u00d3W ZAWARTYCH W PODANIU:<\/strong><\/li><\/ol><p>Dokumentami niezb\u0119dnymi do potwierdzenia spe\u0142nianych warunk\u00f3w s\u0105:<\/p><ul><li>dla kryterium okre\u015blonego w punkcie 1 \u2013 <a href=\"https:\/\/bsp2.pl\/pl\/wp-content\/uploads\/2022\/06\/22-23-Oswiadczenie-o-wielodzietnosci.doc\" target=\"_blank\" rel=\"noopener\">o\u015bwiadczenie o wielodzietno\u015bci<\/a><\/li><li>dla kryterium okre\u015blonego w punkcie 2-5\u00a0\u00a0\u2013\u00a0\u00a0kserokopia orzeczenia o niepe\u0142nosprawno\u015bci po\u015bwiadczona za zgodno\u015b\u0107 przez rodzic\u00f3w \/ opiekun\u00f3w<\/li><li>dla kryterium okre\u015blonego w punkcie 6 \u2013 o\u015bwiadczenie rodzica<\/li><li>dla kryterium okre\u015blonego w punkcie 7 \u2013 kserokopia postanowienia s\u0105du po\u015bwiadczona za zgodno\u015b\u0107 przez opiekun\u00f3w<\/li><li>dla kryterium okre\u015blonego w punkcie 8 \u2013 o\u015bwiadczenie, \u017ce rodze\u0144stwo kandydata r\u00f3wnie\u017c stara si\u0119 o przyj\u0119cie do bursy,<\/li><li>dla kryterium okre\u015blonego w punkcie 9 \u2013 kserokopie dyplom\u00f3w\/za\u015bwiadcze\u0144 potwierdzaj\u0105cych uzyskanie wysokiego miejsca w zawodach wiedzy, artystycznych i sportowych,<\/li><li>dla kryterium okre\u015blonego w punkcie 10 \u2013 za\u015bwiadczenie potwierdzaj\u0105ce przyj\u0119cie kandydata do szko\u0142y,<\/li><li>dla kryterium okre\u015blonego w punkcie 11 \u2013 za\u015bwiadczenie wydane przez organizacj\u0119 pozarz\u0105dow\u0105,<\/li><li>dla kryterium okre\u015blonego w punkcie 12 \u2013 kserokopia \u015bwiadectwa uko\u0144czenia szko\u0142y z adnotacj\u0105 potwierdzaj\u0105c\u0105 osi\u0105gni\u0119cia kandydata w zakresie aktywno\u015bci spo\u0142ecznej.<\/li><\/ul><p><strong>DOKUMENTY MO\u017bNA SK\u0141ADA\u0106:<\/strong><\/p><ul><li><strong>osobi\u015bcie w bursie<\/strong>\u00a0(<u>w sekretariacie lub w skrzynce znajduj\u0105cej si\u0119 na budynku A \u2013 os. Szkolne 17)<\/u><\/li><li><strong>listownie na adres<\/strong>:<\/li><\/ul><p>Bursa Szkolnictwa Ponadpodstawowego nr 2\u00a0\u00a0\u00a0\u00a0os. Szkolne 17\u00a0\u00a031-977 Krak\u00f3w<\/p><ul><li>mailowo w formacie pdf na adres :\u00a0 bursa2@mjo.krakow.pl<\/li><\/ul><p><strong>\u00a0<\/strong><strong>ODWO\u0141ANIE OD DECYZJI KOMISJI REKRUTACYJNEJ<\/strong><\/p><p>W terminie 7 dni od dnia podania do publicznej wiadomo\u015bci listy kandydat\u00f3w przyj\u0119tych i kandydat\u00f3w nieprzyj\u0119tych, rodzice kandydata lub kandydat pe\u0142noletni mo\u017ce wyst\u0105pi\u0107 do\u00a0\u00a0\u00a0Komisji Rekrutacyjnej z wnioskiem o sporz\u0105dzenie uzasadnienia odmowy przyj\u0119cia kandydata do bursy.<\/p><p>Uzasadnienie sporz\u0105dza si\u0119 w terminie 5 dni od dnia wyst\u0105pienia przez rodzica kandydata lub kandydata pe\u0142noletniego\u00a0\u00a0z wnioskiem o sporz\u0105dzenie uzasadnienia odmowy. Uzasadnienie zawiera przyczyny odmowy przyj\u0119cia, w tym najni\u017csz\u0105 liczb\u0119 punkt\u00f3w, kt\u00f3ra uprawnia\u0142a do przyj\u0119cia, oraz liczb\u0119 punkt\u00f3w, kt\u00f3r\u0105 kandydat uzyska\u0142 w post\u0119powaniu rekrutacyjnym.<\/p><p>Rodzice kandydata lub kandydat pe\u0142noletni mo\u017ce wnie\u015b\u0107 do dyrektora bursy odwo\u0142anie od rozstrzygni\u0119cia Komisji Rekrutacyjnej, w terminie 7 dni od dnia otrzymania uzasadnienia.<\/p><p>Dyrektor bursy rozpatruje odwo\u0142anie od rozstrzygni\u0119cia Komisji Rekrutacyjnej w terminie 7 dni od dnia otrzymania odwo\u0142ania. Na rozstrzygniecie dyrektora bursy s\u0142u\u017cy skarga do s\u0105du administracyjnego.<\/p><p><strong>OCHRONA DANYCH OSOBOWYCH<\/strong><\/p><p>Dane osobowe kandydat\u00f3w zgromadzone w celu przeprowadzenia post\u0119powania rekrutacyjnego oraz dokumentacja post\u0119powania rekrutacyjnego s\u0105 przechowywane nie d\u0142u\u017cej ni\u017c do ko\u0144ca okresu, w kt\u00f3rym ucze\u0144 korzysta z pobytu w bursie.<\/p><p>Dane osobowe kandydat\u00f3w nieprzyj\u0119tych zgromadzonych w cel post\u0119powania rekrutacyjnego s\u0105 przechowywane w bursie\u00a0\u00a0przez okres roku.<\/p>\t\t\t\t\t\t<\/div>\n\t\t\t\t<\/div>\n\t\t\t\t\t<\/div>\n\t\t<\/div>\n\t\t\t\t\t\t\t<\/div>\n\t\t<\/section>\n\t\t\t\t\t\t\t<\/div>\n\t\t","protected":false},"excerpt":{"rendered":"<p>TERMINY REKRUTACJI 1.Termin sk\u0142adania deklaracji o kontynuowaniu pobytu w plac\u00f3wce:od 11.05.2026 r. do 10.06.2026r.&nbsp;&nbsp;&nbsp;&nbsp;&nbsp;&nbsp;&nbsp;&nbsp;&nbsp; &nbsp;&nbsp;&nbsp;&nbsp;&nbsp;&nbsp;&nbsp;&nbsp;&nbsp;&nbsp;&nbsp;&nbsp;&nbsp;2. Termin post\u0119powania rekrutacyjnego:&nbsp;od 17.06.2026 r. do 24.07.2026 r., w tym:a) sk\u0142adanie dokument\u00f3w: od 17.06.2026 r. do 22.07.2026 r.b) podanie do publicznej wiadomo\u015bci listy kandydat\u00f3w zakwalifikowanych&nbsp;i niezakwalifikowanych: 23.07.2026 r.,c) podanie do publicznej wiadomo\u015bci listy kandydat\u00f3w przyj\u0119tych [&hellip;]<\/p>\n","protected":false},"author":1,"featured_media":0,"parent":0,"menu_order":0,"comment_status":"closed","ping_status":"closed","template":"","meta":{"ngg_post_thumbnail":0,"footnotes":""},"_links":{"self":[{"href":"https:\/\/bsp2.pl\/pl\/index.php\/wp-json\/wp\/v2\/pages\/3077"}],"collection":[{"href":"https:\/\/bsp2.pl\/pl\/index.php\/wp-json\/wp\/v2\/pages"}],"about":[{"href":"https:\/\/bsp2.pl\/pl\/index.php\/wp-json\/wp\/v2\/types\/page"}],"author":[{"embeddable":true,"href":"https:\/\/bsp2.pl\/pl\/index.php\/wp-json\/wp\/v2\/users\/1"}],"replies":[{"embeddable":true,"href":"https:\/\/bsp2.pl\/pl\/index.php\/wp-json\/wp\/v2\/comments?post=3077"}],"version-history":[{"count":29,"href":"https:\/\/bsp2.pl\/pl\/index.php\/wp-json\/wp\/v2\/pages\/3077\/revisions"}],"predecessor-version":[{"id":4054,"href":"https:\/\/bsp2.pl\/pl\/index.php\/wp-json\/wp\/v2\/pages\/3077\/revisions\/4054"}],"wp:attachment":[{"href":"https:\/\/bsp2.pl\/pl\/index.php\/wp-json\/wp\/v2\/media?parent=3077"}],"curies":[{"name":"wp","href":"https:\/\/api.w.org\/{rel}","templated":true}]}}