{"id":3079,"date":"2022-06-20T07:00:17","date_gmt":"2022-06-20T07:00:17","guid":{"rendered":"https:\/\/bsp2.pl\/pl\/?page_id=3079"},"modified":"2025-03-19T09:27:08","modified_gmt":"2025-03-19T09:27:08","slug":"kontakt","status":"publish","type":"page","link":"https:\/\/bsp2.pl\/pl\/index.php\/kontakt\/","title":{"rendered":"Kontakt"},"content":{"rendered":"\t\t<div data-elementor-type=\"wp-page\" data-elementor-id=\"3079\" class=\"elementor elementor-3079\">\n\t\t\t\t\t\t\t\t\t<section class=\"elementor-section elementor-top-section elementor-element elementor-element-5db39ed elementor-section-boxed elementor-section-height-default elementor-section-height-default\" data-id=\"5db39ed\" data-element_type=\"section\">\n\t\t\t\t\t\t<div class=\"elementor-container elementor-column-gap-default\">\n\t\t\t\t\t<div class=\"elementor-column elementor-col-50 elementor-top-column elementor-element elementor-element-c9422bb\" data-id=\"c9422bb\" data-element_type=\"column\">\n\t\t\t<div class=\"elementor-widget-wrap elementor-element-populated\">\n\t\t\t\t\t\t\t\t<div class=\"elementor-element elementor-element-8820bfe elementor-widget elementor-widget-text-editor\" data-id=\"8820bfe\" data-element_type=\"widget\" data-widget_type=\"text-editor.default\">\n\t\t\t\t<div class=\"elementor-widget-container\">\n\t\t\t<style>\/*! elementor - v3.6.6 - 08-06-2022 *\/\n.elementor-widget-text-editor.elementor-drop-cap-view-stacked .elementor-drop-cap{background-color:#818a91;color:#fff}.elementor-widget-text-editor.elementor-drop-cap-view-framed .elementor-drop-cap{color:#818a91;border:3px solid;background-color:transparent}.elementor-widget-text-editor:not(.elementor-drop-cap-view-default) .elementor-drop-cap{margin-top:8px}.elementor-widget-text-editor:not(.elementor-drop-cap-view-default) .elementor-drop-cap-letter{width:1em;height:1em}.elementor-widget-text-editor .elementor-drop-cap{float:left;text-align:center;line-height:1;font-size:50px}.elementor-widget-text-editor .elementor-drop-cap-letter{display:inline-block}<\/style>\t\t\t\t<h4>Dane teleadresowe:<\/h4>\n<p>Bursa Szkolnictwa Ponadpodstawowego nr 2<br>os. Szkolne 17 i 19<br>31-977 Krak\u00f3w<\/p>\n<p>e-mail:bursa2@mjo.krakow.pl<\/p>\n<p>Wojew\u00f3dztwo: ma\u0142opolskie<br>Powiat: Powiat m. Krak\u00f3w<br>Gmina: Krak\u00f3w \u2013 Nowa Huta<br>Poczta: Krak\u00f3w<\/p>\n<p id=\"\"><strong>Telefony do Wychowawc\u00f3w:<\/strong><\/p>\n<p id=\"\">Bursa A \u2013 512 504 701 (bursa.a@bsp2.pl)<br>Bursa B \u2013 512 506 205 (bursa.b@bsp2.pl)<br>Bursa C \u2013 512 505 479 (bursa.c@bsp2.pl)<\/p>\n<h4>Dyrektor:<\/h4>\n<p>DYREKTOR: mgr Kinga Czy\u017c<br>I WICEDYREKTOR: mgr Katarzyna Rajska-Szamraj<br>II WICEDYREKTOR: mgr Agnieszka Raczy\u0144ska<\/p>\n<p>KSI\u0118GOWA: Magdalena Korniat<br>KIEROWNIK GOSPODARCZY:&nbsp; Robert Turchan<br>SEKRETARIAT: Dorota W\u0142odarczyk<\/p>\n<p><strong>tel.<\/strong>&nbsp; 12 653 26 91<br><strong>tel. kom<\/strong>. 660 637&nbsp;484<br><strong>e-mail:bursa2@mjo.krakow.pl<\/strong><\/p>\n<p><strong><u>Telefony do Bursy:<\/u><\/strong><\/p>\n<p><u>Pok\u00f3j wychowawc\u00f3w \u2013 Budynek A:<\/u>&nbsp; <strong>512&nbsp;504&nbsp;701 , <br><\/strong>e<strong>\u2013<\/strong>mail:<strong> bursa.a@bsp2.pl<\/strong><\/p>\n<p><u>Pok\u00f3j wychowawc\u00f3w \u2013 Budynek B:<\/u>&nbsp; <strong>512&nbsp;506&nbsp;205,<br><\/strong>e<strong>\u2013<\/strong>mail:<strong> bursa.b@bsp2.pl<\/strong><\/p>\n<p><u>Pok\u00f3j wychowawc\u00f3w \u2013 Budynek C:<\/u>&nbsp; <strong>512&nbsp;505&nbsp;479,<br><\/strong>e<strong>\u2013<\/strong>mail:<strong> bursa.c@bsp2.pl<\/strong><\/p>\n<p><strong>Inspektor Ochrony Danych Osobowych (IOD) :<br><\/strong>Marlena Dyrek e-mail: inspektor1@mjo.krakow.pl<br><a href=\"https:\/\/bsp2.pl\/pl\/?page_id=1933&amp;preview=true\" target=\"_blank\" rel=\"noopener noreferrer\">INFORMACJA ADMINISTRATORA O PRZETWARZANIU DANYCH OSOBOWY<\/a><\/p>\t\t\t\t\t\t<\/div>\n\t\t\t\t<\/div>\n\t\t\t\t\t<\/div>\n\t\t<\/div>\n\t\t\t\t<div class=\"elementor-column elementor-col-50 elementor-top-column elementor-element elementor-element-77b2e65\" data-id=\"77b2e65\" data-element_type=\"column\">\n\t\t\t<div class=\"elementor-widget-wrap elementor-element-populated\">\n\t\t\t\t\t\t\t\t<div class=\"elementor-element elementor-element-d59b535 elementor-widget elementor-widget-google_maps\" data-id=\"d59b535\" data-element_type=\"widget\" data-widget_type=\"google_maps.default\">\n\t\t\t\t<div class=\"elementor-widget-container\">\n\t\t\t<style>\/*! elementor - v3.6.6 - 08-06-2022 *\/\n.elementor-widget-google_maps .elementor-widget-container{overflow:hidden}.elementor-widget-google_maps iframe{height:300px}<\/style>\t\t<div class=\"elementor-custom-embed\">\n\t\t\t<iframe frameborder=\"0\" scrolling=\"no\" marginheight=\"0\" marginwidth=\"0\"\n\t\t\t\t\tsrc=\"https:\/\/maps.google.com\/maps?q=os.%20Szkolne%2017%20i%2019%2031-977%20Krak%C3%B3w&#038;t=m&#038;z=14&#038;output=embed&#038;iwloc=near\"\n\t\t\t\t\ttitle=\"os. Szkolne 17 i 19 31-977 Krak\u00f3w\"\n\t\t\t\t\taria-label=\"os. Szkolne 17 i 19 31-977 Krak\u00f3w\"\n\t\t\t><\/iframe>\n\t\t<\/div>\n\t\t\t\t<\/div>\n\t\t\t\t<\/div>\n\t\t\t\t\t<\/div>\n\t\t<\/div>\n\t\t\t\t\t\t\t<\/div>\n\t\t<\/section>\n\t\t\t\t\t\t\t<\/div>\n\t\t","protected":false},"excerpt":{"rendered":"<p>Dane teleadresowe: Bursa Szkolnictwa Ponadpodstawowego nr 2os. Szkolne 17 i 1931-977 Krak\u00f3w e-mail:bursa2@mjo.krakow.pl Wojew\u00f3dztwo: ma\u0142opolskiePowiat: Powiat m. Krak\u00f3wGmina: Krak\u00f3w \u2013 Nowa HutaPoczta: Krak\u00f3w Telefony do Wychowawc\u00f3w: Bursa A \u2013 512 504 701 (bursa.a@bsp2.pl)Bursa B \u2013 512 506 205 (bursa.b@bsp2.pl)Bursa C \u2013 512 505 479 (bursa.c@bsp2.pl) Dyrektor: DYREKTOR: mgr Kinga Czy\u017cI [&hellip;]<\/p>\n","protected":false},"author":1,"featured_media":0,"parent":0,"menu_order":0,"comment_status":"closed","ping_status":"closed","template":"","meta":{"ngg_post_thumbnail":0,"footnotes":""},"_links":{"self":[{"href":"https:\/\/bsp2.pl\/pl\/index.php\/wp-json\/wp\/v2\/pages\/3079"}],"collection":[{"href":"https:\/\/bsp2.pl\/pl\/index.php\/wp-json\/wp\/v2\/pages"}],"about":[{"href":"https:\/\/bsp2.pl\/pl\/index.php\/wp-json\/wp\/v2\/types\/page"}],"author":[{"embeddable":true,"href":"https:\/\/bsp2.pl\/pl\/index.php\/wp-json\/wp\/v2\/users\/1"}],"replies":[{"embeddable":true,"href":"https:\/\/bsp2.pl\/pl\/index.php\/wp-json\/wp\/v2\/comments?post=3079"}],"version-history":[{"count":20,"href":"https:\/\/bsp2.pl\/pl\/index.php\/wp-json\/wp\/v2\/pages\/3079\/revisions"}],"predecessor-version":[{"id":3927,"href":"https:\/\/bsp2.pl\/pl\/index.php\/wp-json\/wp\/v2\/pages\/3079\/revisions\/3927"}],"wp:attachment":[{"href":"https:\/\/bsp2.pl\/pl\/index.php\/wp-json\/wp\/v2\/media?parent=3079"}],"curies":[{"name":"wp","href":"https:\/\/api.w.org\/{rel}","templated":true}]}}