{"id":3106,"date":"2022-06-20T07:13:22","date_gmt":"2022-06-20T07:13:22","guid":{"rendered":"https:\/\/bsp2.pl\/pl\/?page_id=3106"},"modified":"2025-12-02T12:20:00","modified_gmt":"2025-12-02T12:20:00","slug":"kadra-pedagogiczna","status":"publish","type":"page","link":"https:\/\/bsp2.pl\/pl\/index.php\/o-nas\/kadra-pedagogiczna\/","title":{"rendered":"Kadra pedagogiczna"},"content":{"rendered":"\t\t<div data-elementor-type=\"wp-page\" data-elementor-id=\"3106\" class=\"elementor elementor-3106\">\n\t\t\t\t\t\t\t\t\t<section class=\"elementor-section elementor-top-section elementor-element elementor-element-3b11d1eb elementor-section-boxed elementor-section-height-default elementor-section-height-default\" data-id=\"3b11d1eb\" data-element_type=\"section\">\n\t\t\t\t\t\t<div class=\"elementor-container elementor-column-gap-default\">\n\t\t\t\t\t<div class=\"elementor-column elementor-col-100 elementor-top-column elementor-element elementor-element-400c9cbf\" data-id=\"400c9cbf\" data-element_type=\"column\">\n\t\t\t<div class=\"elementor-widget-wrap elementor-element-populated\">\n\t\t\t\t\t\t\t\t<div class=\"elementor-element elementor-element-45e796e1 elementor-widget elementor-widget-text-editor\" data-id=\"45e796e1\" data-element_type=\"widget\" data-widget_type=\"text-editor.default\">\n\t\t\t\t<div class=\"elementor-widget-container\">\n\t\t\t<style>\/*! elementor - v3.6.6 - 08-06-2022 *\/\n.elementor-widget-text-editor.elementor-drop-cap-view-stacked .elementor-drop-cap{background-color:#818a91;color:#fff}.elementor-widget-text-editor.elementor-drop-cap-view-framed .elementor-drop-cap{color:#818a91;border:3px solid;background-color:transparent}.elementor-widget-text-editor:not(.elementor-drop-cap-view-default) .elementor-drop-cap{margin-top:8px}.elementor-widget-text-editor:not(.elementor-drop-cap-view-default) .elementor-drop-cap-letter{width:1em;height:1em}.elementor-widget-text-editor .elementor-drop-cap{float:left;text-align:center;line-height:1;font-size:50px}.elementor-widget-text-editor .elementor-drop-cap-letter{display:inline-block}<\/style>\t\t\t\t<p style=\"text-align: left;\">\u00a0<\/p><p><strong>KADRA PEDAGOGICZNA 2025\/2026<\/strong><\/p><p>\u00a0<\/p><p><strong>Dyrektor<\/strong>: Kinga Czy\u017c<\/p><p>\u00a0<\/p><p><strong>Wicedyrektor<\/strong>: Katarzyna Rajska- Szamraj<\/p><p>\u00a0<\/p><p><strong>Wicedyrektor<\/strong>: Agnieszka Raczy\u0144ska<\/p><p>\u00a0<\/p><p><strong>Psycholog<\/strong>: Bart\u0142omiej Skorski<\/p><p>\u00a0<\/p><p><strong>WYCHOWAWCY W BUDYNKU A<\/strong><\/p><p>Beata Banasiewicz<\/p><p>Anna Bobek<\/p><p>Tomasz Koniorczyk<\/p><p>Patryk Korzeniak<\/p><p>Barbara Pietrzak<\/p><p>Paulina Pietrzyk zast\u0119pstwo Barbara Szatko<\/p><p>Bo\u017cena Tworzyd\u0142o<\/p><p>Pawe\u0142 Wilczy\u0144ski<\/p><p>\u00a0<\/p><p>\u00a0<\/p><p><strong>WYCHOWAWCY W BUDYNKU B<\/strong><\/p><p>Micha\u0142 K\u0105dziela<\/p><p>Dorota Kocur<\/p><p>Jacek Ko\u015bcielniak<\/p><p>Anna Kowalska<\/p><p>Martyna Kuligowska<\/p><p>Mariusz Orlik<\/p><p>Izabela Rakowska<\/p><p>Agata \u017burek<\/p><p><strong>WYCHOWAWCY\u00a0 W BUDYNKU C<\/strong><\/p><p>\u00a0\u0141ukasz Bajer<\/p><p>Jolanta Brzeska- Story<\/p><p>Bogna Fulara<\/p><p>Beata Kawalec<\/p><p>\u00a0Iwona Kwiatek<\/p><p>Sabina Mitu\u015b<\/p><p>Teresa Sienkiewicz zast\u0119pstwo Piotr Wypych<\/p><p>Grzegorz W\u0119glarski<\/p><p><strong>Wychowawcy nocni:\u00a0<\/strong><\/p><p>Piotr Pasternak<\/p><p>Wojciech Gruszka<\/p><p>\u00a0<\/p><p><strong>Asystent mi\u0119dzykulturowy<\/strong>: Alina Osyka<\/p><p>\u00a0<\/p><p><strong>Pomoc wychowawcy:<\/strong> Waldemar Maziak\u00a0<\/p><p>\u00a0<\/p>\t\t\t\t\t\t<\/div>\n\t\t\t\t<\/div>\n\t\t\t\t\t<\/div>\n\t\t<\/div>\n\t\t\t\t\t\t\t<\/div>\n\t\t<\/section>\n\t\t\t\t\t\t\t<\/div>\n\t\t","protected":false},"excerpt":{"rendered":"<p>\u00a0 KADRA PEDAGOGICZNA 2025\/2026 \u00a0 Dyrektor: Kinga Czy\u017c \u00a0 Wicedyrektor: Katarzyna Rajska- Szamraj \u00a0 Wicedyrektor: Agnieszka Raczy\u0144ska \u00a0 Psycholog: Bart\u0142omiej Skorski \u00a0 WYCHOWAWCY W BUDYNKU A Beata Banasiewicz Anna Bobek Tomasz Koniorczyk Patryk Korzeniak Barbara Pietrzak Paulina Pietrzyk zast\u0119pstwo Barbara Szatko Bo\u017cena Tworzyd\u0142o Pawe\u0142 Wilczy\u0144ski \u00a0 \u00a0 WYCHOWAWCY W BUDYNKU [&hellip;]<\/p>\n","protected":false},"author":1,"featured_media":0,"parent":3065,"menu_order":0,"comment_status":"closed","ping_status":"closed","template":"","meta":{"ngg_post_thumbnail":0,"footnotes":""},"_links":{"self":[{"href":"https:\/\/bsp2.pl\/pl\/index.php\/wp-json\/wp\/v2\/pages\/3106"}],"collection":[{"href":"https:\/\/bsp2.pl\/pl\/index.php\/wp-json\/wp\/v2\/pages"}],"about":[{"href":"https:\/\/bsp2.pl\/pl\/index.php\/wp-json\/wp\/v2\/types\/page"}],"author":[{"embeddable":true,"href":"https:\/\/bsp2.pl\/pl\/index.php\/wp-json\/wp\/v2\/users\/1"}],"replies":[{"embeddable":true,"href":"https:\/\/bsp2.pl\/pl\/index.php\/wp-json\/wp\/v2\/comments?post=3106"}],"version-history":[{"count":33,"href":"https:\/\/bsp2.pl\/pl\/index.php\/wp-json\/wp\/v2\/pages\/3106\/revisions"}],"predecessor-version":[{"id":4042,"href":"https:\/\/bsp2.pl\/pl\/index.php\/wp-json\/wp\/v2\/pages\/3106\/revisions\/4042"}],"up":[{"embeddable":true,"href":"https:\/\/bsp2.pl\/pl\/index.php\/wp-json\/wp\/v2\/pages\/3065"}],"wp:attachment":[{"href":"https:\/\/bsp2.pl\/pl\/index.php\/wp-json\/wp\/v2\/media?parent=3106"}],"curies":[{"name":"wp","href":"https:\/\/api.w.org\/{rel}","templated":true}]}}