{"id":3108,"date":"2022-06-20T07:13:38","date_gmt":"2022-06-20T07:13:38","guid":{"rendered":"https:\/\/bsp2.pl\/pl\/?page_id=3108"},"modified":"2022-07-14T13:48:07","modified_gmt":"2022-07-14T13:48:07","slug":"kuchnia","status":"publish","type":"page","link":"https:\/\/bsp2.pl\/pl\/index.php\/oferta\/kuchnia\/","title":{"rendered":"Kuchnia"},"content":{"rendered":"<p>Bursa na razie nie posiada w\u0142asnej sto\u0142\u00f3wki. Uczniowie mog\u0105 korzysta\u0107 z wy\u017cywienia w \u201eSto\u0142\u00f3wce u Madzi\u201d prowadzonej przez ajenta w budynku B, sto\u0142\u00f3wki w s\u0105siednim budynku Centrum Kszta\u0142cenia Zawodowego i Ustawicznego, barach i restauracjach oraz macierzystych szko\u0142ach mieszka\u0144c\u00f3w. Obowi\u0105zek zapewnienia prawid\u0142owego od\u017cywiania spoczywa na Rodzicach \/ pe\u0142noletnich Uczniach. Uczniowie maj\u0105 obowi\u0105zek co miesi\u0105c informowa\u0107 wychowawc\u0119 grupy o miejscu spo\u017cywania posi\u0142k\u00f3w.<\/p>\n<p>We wszystkich budynkach do dyspozycji mieszka\u0144c\u00f3w pozostaj\u0105 aneksy kuchenne, w kt\u00f3rych mo\u017cna podgrzewa\u0107 i spo\u017cywa\u0107 posi\u0142ki. W okresie pandemii dost\u0119p do ww. aneks\u00f3w jest ograniczony specjalnymi przepisami sanitarnymi.<\/p>\n","protected":false},"excerpt":{"rendered":"<p>Bursa na razie nie posiada w\u0142asnej sto\u0142\u00f3wki. Uczniowie mog\u0105 korzysta\u0107 z wy\u017cywienia w \u201eSto\u0142\u00f3wce u Madzi\u201d prowadzonej przez ajenta w budynku B, sto\u0142\u00f3wki w s\u0105siednim budynku Centrum Kszta\u0142cenia Zawodowego i Ustawicznego, barach i restauracjach oraz macierzystych szko\u0142ach mieszka\u0144c\u00f3w. Obowi\u0105zek zapewnienia prawid\u0142owego od\u017cywiania spoczywa na Rodzicach \/ pe\u0142noletnich Uczniach. Uczniowie maj\u0105 [&hellip;]<\/p>\n","protected":false},"author":1,"featured_media":0,"parent":3071,"menu_order":0,"comment_status":"closed","ping_status":"closed","template":"","meta":{"ngg_post_thumbnail":0,"footnotes":""},"_links":{"self":[{"href":"https:\/\/bsp2.pl\/pl\/index.php\/wp-json\/wp\/v2\/pages\/3108"}],"collection":[{"href":"https:\/\/bsp2.pl\/pl\/index.php\/wp-json\/wp\/v2\/pages"}],"about":[{"href":"https:\/\/bsp2.pl\/pl\/index.php\/wp-json\/wp\/v2\/types\/page"}],"author":[{"embeddable":true,"href":"https:\/\/bsp2.pl\/pl\/index.php\/wp-json\/wp\/v2\/users\/1"}],"replies":[{"embeddable":true,"href":"https:\/\/bsp2.pl\/pl\/index.php\/wp-json\/wp\/v2\/comments?post=3108"}],"version-history":[{"count":2,"href":"https:\/\/bsp2.pl\/pl\/index.php\/wp-json\/wp\/v2\/pages\/3108\/revisions"}],"predecessor-version":[{"id":3144,"href":"https:\/\/bsp2.pl\/pl\/index.php\/wp-json\/wp\/v2\/pages\/3108\/revisions\/3144"}],"up":[{"embeddable":true,"href":"https:\/\/bsp2.pl\/pl\/index.php\/wp-json\/wp\/v2\/pages\/3071"}],"wp:attachment":[{"href":"https:\/\/bsp2.pl\/pl\/index.php\/wp-json\/wp\/v2\/media?parent=3108"}],"curies":[{"name":"wp","href":"https:\/\/api.w.org\/{rel}","templated":true}]}}