{"id":3787,"date":"2024-04-22T07:13:56","date_gmt":"2024-04-22T07:13:56","guid":{"rendered":"https:\/\/bsp2.pl\/pl\/?page_id=3787"},"modified":"2024-05-14T12:30:34","modified_gmt":"2024-05-14T12:30:34","slug":"zamowienia-publiczne","status":"publish","type":"page","link":"https:\/\/bsp2.pl\/pl\/index.php\/zamowienia-publiczne\/","title":{"rendered":"Zam\u00f3wienia publiczne"},"content":{"rendered":"<p><a href=\"https:\/\/bsp2.pl\/pl\/wp-content\/uploads\/2024\/05\/2024_BZP-00322694_01_P.pdf\" target=\"_blank\" rel=\"noopener\">Plan post\u0119powa\u0144 o udzielenie zam\u00f3wie\u0144 publicznych<\/a><\/p>\n<p><a href=\"https:\/\/bsp2.pl\/pl\/index.php\/zamowienia-publiczne-do-kwoty-130-000-zl\/\">Zam\u00f3wienia publiczne do kwoty 130 000 z\u0142<\/a><\/p>\n<p><a href=\"https:\/\/bsp2.pl\/pl\/index.php\/zamowienia-publiczne-powyzej-kwoty-130-000-zl\/\">Zam\u00f3wienia publiczne powy\u017cej kwoty 130 000 z\u0142<\/a><\/p>\n<p>&nbsp;<\/p>\n<p>&nbsp;<\/p>\n","protected":false},"excerpt":{"rendered":"<p>Plan post\u0119powa\u0144 o udzielenie zam\u00f3wie\u0144 publicznych Zam\u00f3wienia publiczne do kwoty 130 000 z\u0142 Zam\u00f3wienia publiczne powy\u017cej kwoty 130 000 z\u0142 &nbsp; &nbsp;<\/p>\n","protected":false},"author":1,"featured_media":0,"parent":0,"menu_order":0,"comment_status":"closed","ping_status":"closed","template":"","meta":{"ngg_post_thumbnail":0,"footnotes":""},"_links":{"self":[{"href":"https:\/\/bsp2.pl\/pl\/index.php\/wp-json\/wp\/v2\/pages\/3787"}],"collection":[{"href":"https:\/\/bsp2.pl\/pl\/index.php\/wp-json\/wp\/v2\/pages"}],"about":[{"href":"https:\/\/bsp2.pl\/pl\/index.php\/wp-json\/wp\/v2\/types\/page"}],"author":[{"embeddable":true,"href":"https:\/\/bsp2.pl\/pl\/index.php\/wp-json\/wp\/v2\/users\/1"}],"replies":[{"embeddable":true,"href":"https:\/\/bsp2.pl\/pl\/index.php\/wp-json\/wp\/v2\/comments?post=3787"}],"version-history":[{"count":6,"href":"https:\/\/bsp2.pl\/pl\/index.php\/wp-json\/wp\/v2\/pages\/3787\/revisions"}],"predecessor-version":[{"id":3807,"href":"https:\/\/bsp2.pl\/pl\/index.php\/wp-json\/wp\/v2\/pages\/3787\/revisions\/3807"}],"wp:attachment":[{"href":"https:\/\/bsp2.pl\/pl\/index.php\/wp-json\/wp\/v2\/media?parent=3787"}],"curies":[{"name":"wp","href":"https:\/\/api.w.org\/{rel}","templated":true}]}}