{"id":3795,"date":"2024-05-09T10:18:04","date_gmt":"2024-05-09T10:18:04","guid":{"rendered":"https:\/\/bsp2.pl\/pl\/?page_id=3795"},"modified":"2024-06-05T12:58:37","modified_gmt":"2024-06-05T12:58:37","slug":"zamowienia-publiczne-powyzej-kwoty-130-000-zl","status":"publish","type":"page","link":"https:\/\/bsp2.pl\/pl\/index.php\/zamowienia-publiczne-powyzej-kwoty-130-000-zl\/","title":{"rendered":"Zam\u00f3wienia publiczne powy\u017cej kwoty 130 000 z\u0142"},"content":{"rendered":"<p>31.05.2024<\/p>\n<p><strong><a href=\"https:\/\/ezamowienia.gov.pl\/mo-client-board\/bzp\/notice-details\/id\/08dc817d-989c-8c81-d00c-f90001a5c624\" target=\"_blank\" rel=\"noopener\">Remont schod\u00f3w w Bursie Szkolnictwa Ponadpodstawowego nr 2 w Krakowie na os. Szkolnym 17 i 19<\/a><\/strong><\/p>\n<p>24.05.2024<\/p>\n<p><a href=\"https:\/\/ezamowienia.gov.pl\/mp-client\/search\/list\/ocds-148610-fb96ed31-184f-11ef-a7c1-72acb4a2af8f\" target=\"_blank\" rel=\"noopener\"><b>&nbsp;<\/b><b>Remont dachu w Bursie Szkolnictwa Ponadpodstawowego nr 2 w Krakowie&nbsp;na os. Szkolnym 17 i 19<\/b><\/a><\/p>\n<p>&nbsp;<\/p>\n<p>&nbsp;<\/p>\n","protected":false},"excerpt":{"rendered":"<p>31.05.2024 Remont schod\u00f3w w Bursie Szkolnictwa Ponadpodstawowego nr 2 w Krakowie na os. Szkolnym 17 i 19 24.05.2024 &nbsp;Remont dachu w Bursie Szkolnictwa Ponadpodstawowego nr 2 w Krakowie&nbsp;na os. Szkolnym 17 i 19 &nbsp; &nbsp;<\/p>\n","protected":false},"author":1,"featured_media":0,"parent":0,"menu_order":0,"comment_status":"closed","ping_status":"closed","template":"","meta":{"ngg_post_thumbnail":0,"footnotes":""},"_links":{"self":[{"href":"https:\/\/bsp2.pl\/pl\/index.php\/wp-json\/wp\/v2\/pages\/3795"}],"collection":[{"href":"https:\/\/bsp2.pl\/pl\/index.php\/wp-json\/wp\/v2\/pages"}],"about":[{"href":"https:\/\/bsp2.pl\/pl\/index.php\/wp-json\/wp\/v2\/types\/page"}],"author":[{"embeddable":true,"href":"https:\/\/bsp2.pl\/pl\/index.php\/wp-json\/wp\/v2\/users\/1"}],"replies":[{"embeddable":true,"href":"https:\/\/bsp2.pl\/pl\/index.php\/wp-json\/wp\/v2\/comments?post=3795"}],"version-history":[{"count":4,"href":"https:\/\/bsp2.pl\/pl\/index.php\/wp-json\/wp\/v2\/pages\/3795\/revisions"}],"predecessor-version":[{"id":3814,"href":"https:\/\/bsp2.pl\/pl\/index.php\/wp-json\/wp\/v2\/pages\/3795\/revisions\/3814"}],"wp:attachment":[{"href":"https:\/\/bsp2.pl\/pl\/index.php\/wp-json\/wp\/v2\/media?parent=3795"}],"curies":[{"name":"wp","href":"https:\/\/api.w.org\/{rel}","templated":true}]}}